{"id":8042,"date":"2025-03-24T12:17:27","date_gmt":"2025-03-24T11:17:27","guid":{"rendered":"https:\/\/b-technology.eu\/allgemeine-bedingungen-und-konditionen\/"},"modified":"2025-05-24T16:22:36","modified_gmt":"2025-05-24T14:22:36","slug":"allgemeine-bedingungen-und-konditionen","status":"publish","type":"page","link":"https:\/\/b-technology.eu\/de\/allgemeine-bedingungen-und-konditionen\/","title":{"rendered":"Allgemeine Bedingungen und Konditionen"},"content":{"rendered":"\t\t<div data-elementor-type=\"wp-page\" data-elementor-id=\"8042\" class=\"elementor elementor-8042 elementor-5343\">\n\t\t\t\t<div class=\"elementor-element elementor-element-6e97c02 e-flex e-con-boxed e-con e-parent\" data-id=\"6e97c02\" data-element_type=\"container\" data-settings=\"{&quot;jet_parallax_layout_list&quot;:[]}\">\n\t\t\t\t\t<div class=\"e-con-inner\">\n\t\t\t\t<div class=\"elementor-element elementor-element-91321e8 elementor-widget elementor-widget-text-editor\" data-id=\"91321e8\" data-element_type=\"widget\" data-widget_type=\"text-editor.default\">\n\t\t\t\t\t\t\t\t\t<h6>ALLGEMEINE GESCH\u00c4FTSBEDINGUNGEN<\/h6>\n<p><b>  1. Allgemeine Bestimmungen<br><\/b>  1.1. Diese Allgemeinen Gesch\u00e4ftsbedingungen (AGB) regeln die Erbringung von Dienstleistungen durch B-Technology (nachfolgend \u201eAuftragnehmer\u201c genannt).<br>1.2 Die AGB gelten f\u00fcr alle Vertr\u00e4ge, die mit Kunden (nachfolgend \u201eAuftraggeber\u201c genannt) geschlossen werden, sofern die Parteien nicht schriftlich etwas anderes vereinbaren. <\/p>\n<p><b>2 Angebot und Vertragsabschluss<br><\/b> 2.1 Alle Angebote des Auftragnehmers dienen lediglich der Information und stellen kein verbindliches Angebot im Sinne des B\u00fcrgerlichen Gesetzbuches dar.<br>2.2 Der Vertrag kommt durch schriftliche Auftragsbest\u00e4tigung des Auftragnehmers zustande.<br>2.3 \u00c4nderungen des Auftrags bed\u00fcrfen der schriftlichen Zustimmung beider Parteien.   <\/p>\n<p><b>3 Preise und Zahlungsbedingungen<br><\/b> 3.1 Die Preise f\u00fcr die Dienstleistungen werden f\u00fcr jeden Auftrag individuell festgelegt und im Angebot angegeben.<br>3.2 Sofern nicht anders vereinbart, erfolgt die Zahlung auf der Grundlage einer Rechnung mit ausgewiesener Mehrwertsteuer innerhalb von 14 Tagen ab dem Ausstellungsdatum.<br>3.3 Bei Zahlungsverzug ist der Auftragnehmer berechtigt, gesetzliche Zinsen zu berechnen.   <\/p>\n<p><b>4 Leistungsbedingungen<br><\/b> 4.1 Die Fertigstellungstermine werden individuell festgelegt und berechnen sich ab dem Zeitpunkt, an dem der Auftraggeber die vollst\u00e4ndigen technischen Unterlagen zur Verf\u00fcgung stellt und die erforderlichen Zahlungen leistet.<br>4.2 Der Auftragnehmer beh\u00e4lt sich das Recht vor, den Fertigstellungstermin im Falle h\u00f6herer Gewalt, bei Engp\u00e4ssen in der Materialversorgung oder anderen Faktoren, die sich seinem Einfluss entziehen, zu \u00e4ndern.  <\/p>\n<p><b>5 Haftung und Reklamationen<br><\/b> 5.1 Alle Reklamationen, die sich auf die Qualit\u00e4t der Dienstleistungen beziehen, sind innerhalb von 7 Tagen nach Erhalt der fertiggestellten Gegenst\u00e4nde schriftlich einzureichen.<br>5.2 Der Auftragnehmer verpflichtet sich, Reklamationen innerhalb von 14 Tagen zu untersuchen und entsprechende Korrekturma\u00dfnahmen zu ergreifen.<br>5.3 Die Haftung des Auftragnehmers ist auf den Auftragswert beschr\u00e4nkt und umfasst nicht den entgangenen Gewinn des Auftraggebers.   <\/p>\n<p><b>6 Urheberrecht und Vertraulichkeit<br><\/b> 6.1 Alle vom Auftraggeber zur Verf\u00fcgung gestellten Unterlagen, Modelle und technischen Zeichnungen bleiben Eigentum des Auftraggebers und d\u00fcrfen vom Auftragnehmer nicht f\u00fcr andere Zwecke verwendet werden.<br>6.2 Die Parteien verpflichten sich, alle kaufm\u00e4nnischen und technischen Informationen, die sich auf die Erf\u00fcllung des Vertrages beziehen, geheim zu halten.  <\/p>\n<p><b>7 Schlussbestimmungen<br><\/b> 7.1 Alle Streitigkeiten, die sich aus diesen AGB ergeben, werden von dem f\u00fcr den Sitz des Auftragnehmers zust\u00e4ndigen Gericht entschieden.<br>7.2 In Angelegenheiten, die in diesen AGB nicht geregelt sind, gelten die Bestimmungen des B\u00fcrgerlichen Gesetzbuches.<br>7.3 Die AGB treten mit dem Datum ihrer Ver\u00f6ffentlichung auf der Website des Auftragnehmers oder ihrer \u00dcbermittlung an den Auftraggeber in Kraft.   <\/p>\t\t\t\t\t\t\t\t<\/div>\n\t\t\t\t\t<\/div>\n\t\t\t\t<\/div>\n\t\t\t\t<\/div>\n\t\t","protected":false},"excerpt":{"rendered":"<p>ALLGEMEINE GESCH\u00c4FTSBEDINGUNGEN 1. Allgemeine Bestimmungen 1.1. Diese Allgemeinen Gesch\u00e4ftsbedingungen (AGB) regeln die Erbringung von Dienstleistungen durch B-Technology (nachfolgend \u201eAuftragnehmer\u201c genannt).1.2 Die AGB gelten f\u00fcr alle Vertr\u00e4ge, die mit Kunden (nachfolgend \u201eAuftraggeber\u201c genannt) geschlossen werden, sofern die Parteien nicht schriftlich etwas anderes vereinbaren. 2 Angebot und Vertragsabschluss 2.1 Alle Angebote des Auftragnehmers dienen lediglich der Information [&hellip;]<\/p>\n","protected":false},"author":1,"featured_media":0,"parent":0,"menu_order":0,"comment_status":"closed","ping_status":"closed","template":"","meta":{"_acf_changed":false,"om_disable_all_campaigns":false,"_monsterinsights_skip_tracking":false,"_monsterinsights_sitenote_active":false,"_monsterinsights_sitenote_note":"","_monsterinsights_sitenote_category":0,"_uf_show_specific_survey":0,"_uf_disable_surveys":false,"footnotes":""},"class_list":["post-8042","page","type-page","status-publish","hentry"],"acf":[],"aioseo_notices":[],"_links":{"self":[{"href":"https:\/\/b-technology.eu\/de\/wp-json\/wp\/v2\/pages\/8042","targetHints":{"allow":["GET"]}}],"collection":[{"href":"https:\/\/b-technology.eu\/de\/wp-json\/wp\/v2\/pages"}],"about":[{"href":"https:\/\/b-technology.eu\/de\/wp-json\/wp\/v2\/types\/page"}],"author":[{"embeddable":true,"href":"https:\/\/b-technology.eu\/de\/wp-json\/wp\/v2\/users\/1"}],"replies":[{"embeddable":true,"href":"https:\/\/b-technology.eu\/de\/wp-json\/wp\/v2\/comments?post=8042"}],"version-history":[{"count":3,"href":"https:\/\/b-technology.eu\/de\/wp-json\/wp\/v2\/pages\/8042\/revisions"}],"predecessor-version":[{"id":8718,"href":"https:\/\/b-technology.eu\/de\/wp-json\/wp\/v2\/pages\/8042\/revisions\/8718"}],"wp:attachment":[{"href":"https:\/\/b-technology.eu\/de\/wp-json\/wp\/v2\/media?parent=8042"}],"curies":[{"name":"wp","href":"https:\/\/api.w.org\/{rel}","templated":true}]}}