{"id":8123,"date":"2024-09-01T09:45:05","date_gmt":"2024-09-01T07:45:05","guid":{"rendered":"https:\/\/b-technology.eu\/diseno-cad\/"},"modified":"2025-05-24T16:22:58","modified_gmt":"2025-05-24T14:22:58","slug":"diseno-cad","status":"publish","type":"page","link":"https:\/\/b-technology.eu\/es\/diseno-cad\/","title":{"rendered":"Dise\u00f1o CAD"},"content":{"rendered":"\t\t<div data-elementor-type=\"wp-page\" data-elementor-id=\"8123\" class=\"elementor elementor-8123 elementor-4914\">\n\t\t\t\t<div class=\"elementor-element elementor-element-7e5c17e e-flex e-con-boxed e-con e-parent\" data-id=\"7e5c17e\" data-element_type=\"container\" data-settings=\"{&quot;jet_parallax_layout_list&quot;:[]}\">\n\t\t\t\t\t<div class=\"e-con-inner\">\n\t\t\t\t<div class=\"elementor-element elementor-element-ad4672f elementor-widget elementor-widget-image\" data-id=\"ad4672f\" data-element_type=\"widget\" data-widget_type=\"image.default\">\n\t\t\t\t\t\t\t\t\t\t\t\t\t\t\t<img fetchpriority=\"high\" decoding=\"async\" width=\"2560\" height=\"1138\" src=\"https:\/\/b-technology.eu\/wp-content\/uploads\/2025\/05\/cad-3d-b-technology-scaled.jpg\" class=\"attachment-full size-full wp-image-7913\" alt=\"\" srcset=\"https:\/\/b-technology.eu\/wp-content\/uploads\/2025\/05\/cad-3d-b-technology-scaled.jpg 2560w, https:\/\/b-technology.eu\/wp-content\/uploads\/2025\/05\/cad-3d-b-technology-300x133.jpg 300w, https:\/\/b-technology.eu\/wp-content\/uploads\/2025\/05\/cad-3d-b-technology-1024x455.jpg 1024w, https:\/\/b-technology.eu\/wp-content\/uploads\/2025\/05\/cad-3d-b-technology-768x341.jpg 768w, https:\/\/b-technology.eu\/wp-content\/uploads\/2025\/05\/cad-3d-b-technology-1536x683.jpg 1536w, https:\/\/b-technology.eu\/wp-content\/uploads\/2025\/05\/cad-3d-b-technology-2048x910.jpg 2048w\" sizes=\"(max-width: 2560px) 100vw, 2560px\" \/>\t\t\t\t\t\t\t\t\t\t\t\t\t\t\t<\/div>\n\t\t\t\t\t<\/div>\n\t\t\t\t<\/div>\n\t\t\t\t<section class=\"elementor-section elementor-top-section elementor-element elementor-element-d4b55f0 elementor-section-boxed elementor-section-height-default elementor-section-height-default\" data-id=\"d4b55f0\" data-element_type=\"section\" data-settings=\"{&quot;jet_parallax_layout_list&quot;:[]}\">\n\t\t\t\t\t\t<div class=\"elementor-container elementor-column-gap-default\">\n\t\t\t\t\t<div class=\"elementor-column elementor-col-100 elementor-top-column elementor-element elementor-element-3936198\" data-id=\"3936198\" data-element_type=\"column\">\n\t\t\t<div class=\"elementor-widget-wrap elementor-element-populated\">\n\t\t\t\t\t\t<div class=\"elementor-element elementor-element-2ed124c elementor-widget elementor-widget-text-editor\" data-id=\"2ed124c\" data-element_type=\"widget\" data-widget_type=\"text-editor.default\">\n\t\t\t\t\t\t\t\t\t<h5>Servicios de dise\u00f1o CAD &#8211; Profesionalidad, innovaci\u00f3n y precisi\u00f3n<\/h5>\n<p>Nuestra empresa de la regi\u00f3n de Podkarpacie ofrece servicios integrales de dise\u00f1o CAD para apoyar los procesos de ingenier\u00eda y fabricaci\u00f3n en Polonia y Europa. Estamos especializados en el dise\u00f1o de estructuras, m\u00e1quinas, productos utilitarios y la creaci\u00f3n de documentaci\u00f3n t\u00e9cnica. Utilizamos herramientas modernas como Siemens NX CAD y SolidWorks, que garantizan precisi\u00f3n y eficacia en todas las fases del proyecto. Gracias a nuestros servicios, los clientes pueden ahorrar tiempo, reducir los costes de producci\u00f3n y aumentar la calidad de sus proyectos.   <\/p>\n<h6>Creaci\u00f3n de planos 2D<\/h6>\n<p>Como parte de nuestra oferta, elaboramos dibujos t\u00e9cnicos detallados en 2D que cumplen las normas m\u00e1s exigentes del sector. Utilizando Siemens NX CAD y SolidWorks, nuestros planos minimizan el riesgo de errores de producci\u00f3n, con el consiguiente ahorro de tiempo y costes. <\/p>\n<h6>Modelado 3D &#8211; Construcci\u00f3n, maquinaria, productos utilitarios<\/h6>\n<p>Nos dedicamos al modelado profesional en 3D, utilizando las herramientas CAD SolidWorks y Siemens NX. Creamos modelos tridimensionales detallados de estructuras, m\u00e1quinas y productos utilizables para facilitar la visualizaci\u00f3n del proyecto y acelerar el proceso de producci\u00f3n. <\/p>\n<h6>Renderizados fotorrealistas<\/h6>\n<p>Ofrecemos la creaci\u00f3n de renderizados fotorrealistas para visualizar los dise\u00f1os antes de la producci\u00f3n. Gracias a los renders de alta calidad creados en SolidWorks, los clientes pueden evaluar con precisi\u00f3n el aspecto, la est\u00e9tica y la funcionalidad de un proyecto antes incluso de su realizaci\u00f3n. <\/p>\n<h6>Simulaciones mec\u00e1nicas y an\u00e1lisis de resistencia<\/h6>\n<p>Ofrecemos simulaciones mec\u00e1nicas avanzadas y an\u00e1lisis de resistencia utilizando Siemens NX CAD y SolidWorks para evaluar el comportamiento de los componentes en condiciones reales. Esto nos permite identificar posibles puntos d\u00e9biles en el dise\u00f1o y optimizar su rendimiento antes de la producci\u00f3n. <\/p>\n<h6>Animaciones t\u00e9cnicas<\/h6>\n<p>Creamos animaciones t\u00e9cnicas que visualizan los procesos de montaje, el funcionamiento de las m\u00e1quinas y el funcionamiento de los productos. Con las herramientas Siemens NX CAD y SolidWorks, podemos crear animaciones avanzadas ideales para presentaciones de proyectos y formaci\u00f3n de empleados. <\/p>\t\t\t\t\t\t\t\t<\/div>\n\t\t\t\t\t<\/div>\n\t\t<\/div>\n\t\t\t\t\t<\/div>\n\t\t<\/section>\n\t\t\t\t<\/div>\n\t\t","protected":false},"excerpt":{"rendered":"<p>Servicios de dise\u00f1o CAD &#8211; Profesionalidad, innovaci\u00f3n y precisi\u00f3n Nuestra empresa de la regi\u00f3n de Podkarpacie ofrece servicios integrales de dise\u00f1o CAD para apoyar los procesos de ingenier\u00eda y fabricaci\u00f3n en Polonia y Europa. Estamos especializados en el dise\u00f1o de estructuras, m\u00e1quinas, productos utilitarios y la creaci\u00f3n de documentaci\u00f3n t\u00e9cnica. Utilizamos herramientas modernas como Siemens [&hellip;]<\/p>\n","protected":false},"author":1,"featured_media":0,"parent":0,"menu_order":0,"comment_status":"closed","ping_status":"closed","template":"","meta":{"_acf_changed":false,"om_disable_all_campaigns":false,"_monsterinsights_skip_tracking":false,"_monsterinsights_sitenote_active":false,"_monsterinsights_sitenote_note":"","_monsterinsights_sitenote_category":0,"_uf_show_specific_survey":0,"_uf_disable_surveys":false,"footnotes":""},"class_list":["post-8123","page","type-page","status-publish","hentry"],"acf":[],"aioseo_notices":[],"_links":{"self":[{"href":"https:\/\/b-technology.eu\/es\/wp-json\/wp\/v2\/pages\/8123","targetHints":{"allow":["GET"]}}],"collection":[{"href":"https:\/\/b-technology.eu\/es\/wp-json\/wp\/v2\/pages"}],"about":[{"href":"https:\/\/b-technology.eu\/es\/wp-json\/wp\/v2\/types\/page"}],"author":[{"embeddable":true,"href":"https:\/\/b-technology.eu\/es\/wp-json\/wp\/v2\/users\/1"}],"replies":[{"embeddable":true,"href":"https:\/\/b-technology.eu\/es\/wp-json\/wp\/v2\/comments?post=8123"}],"version-history":[{"count":3,"href":"https:\/\/b-technology.eu\/es\/wp-json\/wp\/v2\/pages\/8123\/revisions"}],"predecessor-version":[{"id":8739,"href":"https:\/\/b-technology.eu\/es\/wp-json\/wp\/v2\/pages\/8123\/revisions\/8739"}],"wp:attachment":[{"href":"https:\/\/b-technology.eu\/es\/wp-json\/wp\/v2\/media?parent=8123"}],"curies":[{"name":"wp","href":"https:\/\/api.w.org\/{rel}","templated":true}]}}