{"id":8152,"date":"2024-09-01T11:59:56","date_gmt":"2024-09-01T09:59:56","guid":{"rendered":"https:\/\/b-technology.eu\/escaneado-3d\/"},"modified":"2025-05-24T16:22:48","modified_gmt":"2025-05-24T14:22:48","slug":"escaneado-3d","status":"publish","type":"page","link":"https:\/\/b-technology.eu\/es\/escaneado-3d\/","title":{"rendered":"Escaneado 3D"},"content":{"rendered":"\t\t<div data-elementor-type=\"wp-page\" data-elementor-id=\"8152\" class=\"elementor elementor-8152 elementor-4987\">\n\t\t\t\t<div class=\"elementor-element elementor-element-4927344 e-flex e-con-boxed e-con e-parent\" data-id=\"4927344\" data-element_type=\"container\" data-settings=\"{&quot;jet_parallax_layout_list&quot;:[]}\">\n\t\t\t\t\t<div class=\"e-con-inner\">\n\t\t\t\t<div class=\"elementor-element elementor-element-9457d7e elementor-widget elementor-widget-image\" data-id=\"9457d7e\" data-element_type=\"widget\" data-widget_type=\"image.default\">\n\t\t\t\t\t\t\t\t\t\t\t\t\t\t\t<img fetchpriority=\"high\" decoding=\"async\" width=\"2560\" height=\"1138\" src=\"https:\/\/b-technology.eu\/wp-content\/uploads\/2025\/05\/3d-scanning-b-technology-scaled.jpg\" class=\"attachment-full size-full wp-image-5602\" alt=\"\" srcset=\"https:\/\/b-technology.eu\/wp-content\/uploads\/2025\/05\/3d-scanning-b-technology-scaled.jpg 2560w, https:\/\/b-technology.eu\/wp-content\/uploads\/2025\/05\/3d-scanning-b-technology-300x133.jpg 300w, https:\/\/b-technology.eu\/wp-content\/uploads\/2025\/05\/3d-scanning-b-technology-1024x455.jpg 1024w, https:\/\/b-technology.eu\/wp-content\/uploads\/2025\/05\/3d-scanning-b-technology-768x341.jpg 768w, https:\/\/b-technology.eu\/wp-content\/uploads\/2025\/05\/3d-scanning-b-technology-1536x683.jpg 1536w, https:\/\/b-technology.eu\/wp-content\/uploads\/2025\/05\/3d-scanning-b-technology-2048x910.jpg 2048w\" sizes=\"(max-width: 2560px) 100vw, 2560px\" \/>\t\t\t\t\t\t\t\t\t\t\t\t\t\t\t<\/div>\n\t\t\t\t\t<\/div>\n\t\t\t\t<\/div>\n\t\t\t\t<section class=\"elementor-section elementor-top-section elementor-element elementor-element-1c95018 elementor-section-boxed elementor-section-height-default elementor-section-height-default\" data-id=\"1c95018\" data-element_type=\"section\" data-settings=\"{&quot;jet_parallax_layout_list&quot;:[]}\">\n\t\t\t\t\t\t<div class=\"elementor-container elementor-column-gap-default\">\n\t\t\t\t\t<div class=\"elementor-column elementor-col-100 elementor-top-column elementor-element elementor-element-9d67b29\" data-id=\"9d67b29\" data-element_type=\"column\">\n\t\t\t<div class=\"elementor-widget-wrap elementor-element-populated\">\n\t\t\t\t\t\t<div class=\"elementor-element elementor-element-76ab705 elementor-widget elementor-widget-text-editor\" data-id=\"76ab705\" data-element_type=\"widget\" data-widget_type=\"text-editor.default\">\n\t\t\t\t\t\t\t\t\t<h6>Servicio de Escaneado 3D &#8211; Soluciones de precisi\u00f3n para tus necesidades en Jasionka, cerca de Rzesz\u00f3w<\/h6>\n<p><span style=\"font-family: var( --e-global-typography-secondary-font-family ), ROBOTO; font-weight: var( --e-global-typography-secondary-font-weight );\">Somos una empresa de Jasionka, cerca de Rzesz\u00f3w, en el coraz\u00f3n de la regi\u00f3n de Podkarpacie, especializada en servicios avanzados de escaneado 3D. Nuestra oferta de escaneado 3D, basada en el esc\u00e1ner de \u00faltima generaci\u00f3n ZEISS T-SCAN Hawk 2, permite medir y modelar con precisi\u00f3n objetos de distintos tama\u00f1os, desde objetos peque\u00f1os hasta estructuras a gran escala. Con nuestros servicios, puedes obtener datos de medici\u00f3n precisos para satisfacer todas tus necesidades, ya sea para aplicaciones industriales o de conservaci\u00f3n.  <\/span><\/p>\n<h6>Nuestro servicio de escaneado 3D &#8211; \u00bfQu\u00e9 ofrecemos?<\/h6>\n<p>El escaneado 3D es una tecnolog\u00eda innovadora que permite reproducir con precisi\u00f3n objetos f\u00edsicos como modelos digitales en 3D. Nuestra oferta incluye una serie de servicios que se adaptan a distintas necesidades: <\/p>\n<ul>\n<li><b>Modelado 3D de precisi\u00f3n:<\/b> Ofrecemos escaneado 3D para crear modelos digitales detallados de objetos. Tanto si necesitas cartografiar objetos peque\u00f1os como estructuras a gran escala, nuestro escaneado 3D proporciona la m\u00e1xima precisi\u00f3n. <\/li>\n<li><b>Control de calidad:<\/b> Nuestro servicio de escaneado 3D permite un control de calidad preciso comparando los datos de medici\u00f3n reales con los modelos CAD. Esta herramienta permite identificar y corregir cualquier desviaci\u00f3n de las especificaciones, garantizando productos y componentes de la m\u00e1xima calidad. <\/li>\n<li><b>Ingenier\u00eda inversa<\/b>: Mediante nuestro escaneado 3D, podemos transformar objetos f\u00edsicos en modelos CAD precisos. Ideal para crear versiones digitales de piezas o herramientas existentes que luego pueden modificarse o reproducirse. <\/li>\n<li><b>Archivo y conservaci\u00f3n:<\/b> nuestro escaneado 3D permite digitalizar monumentos, obras de arte y otros objetos valiosos. Esto permite conservar datos detallados sobre el estado de los objetos, que son cruciales para su conservaci\u00f3n y restauraci\u00f3n. <\/li>\n<li><b>La versatilidad del escaneado 3D<\/b>: de objetos peque\u00f1os a grandes estructuras<\/li>\n<\/ul>\n<h6>Nuestro servicio de escaneado 3D se adapta a diferentes necesidades y tama\u00f1os de objetos:<\/h6>\n<ul>\n<li><b>Objetos peque\u00f1os:<\/b> Ofrecemos escaneado de precisi\u00f3n de objetos peque\u00f1os, como componentes electr\u00f3nicos, detalles mec\u00e1nicos o joyas. Con nuestros servicios, puedes obtener modelos 3D precisos incluso de los componentes m\u00e1s peque\u00f1os. <\/li>\n<li><b>Estructuras a gran escala<\/b>: Nuestro esc\u00e1ner 3D tambi\u00e9n puede hacer frente a objetos de gran tama\u00f1o, como maquinaria industrial, estructuras de edificios o veh\u00edculos. Independientemente del tama\u00f1o del objeto, nuestras tecnolog\u00edas garantizan una cartograf\u00eda precisa y detallada. <\/li>\n<\/ul>\n<h6>\u00bfPor qu\u00e9 utilizar nuestro servicio de escaneado 3D?<\/h6>\n<ul>\n<li><b>Tecnolog\u00eda punta:<\/b> Nuestro esc\u00e1ner ZEISS T-SCAN Hawk 2 proporciona una precisi\u00f3n espacial de 0,02 mm + 0,015 mm\/m. La calibraci\u00f3n din\u00e1mica y los algoritmos de medici\u00f3n avanzados garantizan resultados precisos en diversas condiciones. <\/li>\n<li><b>Flexibilidad y movilidad: <\/b>gracias a la movilidad del esc\u00e1ner 3D, podemos trabajar en diversos entornos, tanto en interiores como en exteriores. Escanear en lugares de dif\u00edcil acceso y en condiciones meteorol\u00f3gicas cambiantes no es un problema para nosotros. <\/li>\n<li><b>Servicio integral:<\/b> ofrecemos un servicio completo de escaneado 3D, desde el escaneado inicial hasta la entrega de modelos 3D acabados, pasando por el procesamiento de datos. Nuestros servicios se adaptan a las necesidades individuales de nuestros clientes, garantizando su pleno cumplimiento. <\/li>\n<li><b>Precios asequibles:<\/b> nuestros servicios de escaneado 3D est\u00e1n disponibles desde 250 \u00a3, lo que los hace accesibles a una gran variedad de clientes, tanto particulares como empresas. El coste del servicio depende del objeto que se escanee y del alcance del trabajo. <\/li>\n<\/ul>\t\t\t\t\t\t\t\t<\/div>\n\t\t\t\t\t<\/div>\n\t\t<\/div>\n\t\t\t\t\t<\/div>\n\t\t<\/section>\n\t\t\t\t<\/div>\n\t\t","protected":false},"excerpt":{"rendered":"<p>Servicio de Escaneado 3D &#8211; Soluciones de precisi\u00f3n para tus necesidades en Jasionka, cerca de Rzesz\u00f3w Somos una empresa de Jasionka, cerca de Rzesz\u00f3w, en el coraz\u00f3n de la regi\u00f3n de Podkarpacie, especializada en servicios avanzados de escaneado 3D. Nuestra oferta de escaneado 3D, basada en el esc\u00e1ner de \u00faltima generaci\u00f3n ZEISS T-SCAN Hawk 2, [&hellip;]<\/p>\n","protected":false},"author":1,"featured_media":0,"parent":0,"menu_order":0,"comment_status":"closed","ping_status":"closed","template":"","meta":{"_acf_changed":false,"om_disable_all_campaigns":false,"_monsterinsights_skip_tracking":false,"_monsterinsights_sitenote_active":false,"_monsterinsights_sitenote_note":"","_monsterinsights_sitenote_category":0,"_uf_show_specific_survey":0,"_uf_disable_surveys":false,"footnotes":""},"class_list":["post-8152","page","type-page","status-publish","hentry"],"acf":[],"aioseo_notices":[],"_links":{"self":[{"href":"https:\/\/b-technology.eu\/es\/wp-json\/wp\/v2\/pages\/8152","targetHints":{"allow":["GET"]}}],"collection":[{"href":"https:\/\/b-technology.eu\/es\/wp-json\/wp\/v2\/pages"}],"about":[{"href":"https:\/\/b-technology.eu\/es\/wp-json\/wp\/v2\/types\/page"}],"author":[{"embeddable":true,"href":"https:\/\/b-technology.eu\/es\/wp-json\/wp\/v2\/users\/1"}],"replies":[{"embeddable":true,"href":"https:\/\/b-technology.eu\/es\/wp-json\/wp\/v2\/comments?post=8152"}],"version-history":[{"count":3,"href":"https:\/\/b-technology.eu\/es\/wp-json\/wp\/v2\/pages\/8152\/revisions"}],"predecessor-version":[{"id":8731,"href":"https:\/\/b-technology.eu\/es\/wp-json\/wp\/v2\/pages\/8152\/revisions\/8731"}],"wp:attachment":[{"href":"https:\/\/b-technology.eu\/es\/wp-json\/wp\/v2\/media?parent=8152"}],"curies":[{"name":"wp","href":"https:\/\/api.w.org\/{rel}","templated":true}]}}