{"id":8155,"date":"2024-09-01T12:17:27","date_gmt":"2024-09-01T10:17:27","guid":{"rendered":"https:\/\/b-technology.eu\/impresion-3d\/"},"modified":"2025-05-24T16:22:45","modified_gmt":"2025-05-24T14:22:45","slug":"impresion-3d","status":"publish","type":"page","link":"https:\/\/b-technology.eu\/es\/impresion-3d\/","title":{"rendered":"Impresi\u00f3n 3D"},"content":{"rendered":"\t\t<div data-elementor-type=\"wp-page\" data-elementor-id=\"8155\" class=\"elementor elementor-8155 elementor-4996\">\n\t\t\t\t<div class=\"elementor-element elementor-element-0541789 e-flex e-con-boxed e-con e-parent\" data-id=\"0541789\" data-element_type=\"container\" data-settings=\"{&quot;jet_parallax_layout_list&quot;:[]}\">\n\t\t\t\t\t<div class=\"e-con-inner\">\n\t\t\t\t<div class=\"elementor-element elementor-element-e7b13a6 elementor-widget elementor-widget-image\" data-id=\"e7b13a6\" data-element_type=\"widget\" data-widget_type=\"image.default\">\n\t\t\t\t\t\t\t\t\t\t\t\t\t\t\t<img fetchpriority=\"high\" decoding=\"async\" width=\"2560\" height=\"1138\" src=\"https:\/\/b-technology.eu\/wp-content\/uploads\/2025\/05\/3d-print-b-techology-scaled.jpg\" class=\"attachment-full size-full wp-image-5603\" alt=\"\" srcset=\"https:\/\/b-technology.eu\/wp-content\/uploads\/2025\/05\/3d-print-b-techology-scaled.jpg 2560w, https:\/\/b-technology.eu\/wp-content\/uploads\/2025\/05\/3d-print-b-techology-300x133.jpg 300w, https:\/\/b-technology.eu\/wp-content\/uploads\/2025\/05\/3d-print-b-techology-1024x455.jpg 1024w, https:\/\/b-technology.eu\/wp-content\/uploads\/2025\/05\/3d-print-b-techology-768x341.jpg 768w, https:\/\/b-technology.eu\/wp-content\/uploads\/2025\/05\/3d-print-b-techology-1536x683.jpg 1536w, https:\/\/b-technology.eu\/wp-content\/uploads\/2025\/05\/3d-print-b-techology-2048x910.jpg 2048w\" sizes=\"(max-width: 2560px) 100vw, 2560px\" \/>\t\t\t\t\t\t\t\t\t\t\t\t\t\t\t<\/div>\n\t\t\t\t\t<\/div>\n\t\t\t\t<\/div>\n\t\t\t\t<section class=\"elementor-section elementor-top-section elementor-element elementor-element-0e79ee3 elementor-section-boxed elementor-section-height-default elementor-section-height-default\" data-id=\"0e79ee3\" data-element_type=\"section\" data-settings=\"{&quot;jet_parallax_layout_list&quot;:[]}\">\n\t\t\t\t\t\t<div class=\"elementor-container elementor-column-gap-default\">\n\t\t\t\t\t<div class=\"elementor-column elementor-col-100 elementor-top-column elementor-element elementor-element-29d64f2\" data-id=\"29d64f2\" data-element_type=\"column\">\n\t\t\t<div class=\"elementor-widget-wrap elementor-element-populated\">\n\t\t\t\t\t\t<div class=\"elementor-element elementor-element-f04d2ac elementor-widget elementor-widget-text-editor\" data-id=\"f04d2ac\" data-element_type=\"widget\" data-widget_type=\"text-editor.default\">\n\t\t\t\t\t\t\t\t\t<h6>Servicio de impresi\u00f3n 3D &#8211; Jasionka, Rzesz\u00f3w, Subcarpacia<\/h6><p>En nuestra empresa de Jasionka, cerca de Rzesz\u00f3w, ofrecemos servicios integrales de impresi\u00f3n 3D con tecnolog\u00edas modernas: SLA (estereolitograf\u00eda), FDM (modelado de materiales complejos) y SLS (sinterizaci\u00f3n selectiva por l\u00e1ser). A continuaci\u00f3n encontrar\u00e1s descripciones detalladas de las tecnolog\u00edas de impresi\u00f3n 3D disponibles y de los materiales que manejamos, as\u00ed como informaci\u00f3n sobre nuestras capacidades tecnol\u00f3gicas. <\/p><h6>Tecnolog\u00eda SLA (Estereolitograf\u00eda)<\/h6><p>La tecnolog\u00eda SLA consiste en curar resina l\u00edquida mediante luz UV concentrada. Es uno de los m\u00e9todos de impresi\u00f3n 3D m\u00e1s precisos, que produce modelos muy detallados con superficies lisas. Ideal para la producci\u00f3n de prototipos, modelos y piezas con geometr\u00edas complejas, la SLA ofrece una precisi\u00f3n y unos acabados est\u00e9ticos excepcionales.  <\/p><p><b>Materiales disponibles:<\/b><\/p><p><b>Resinas est\u00e1ndar<\/b><\/p><ul><li><b>Resinas est\u00e1ndar: <\/b>Excelentes para prototipos y modelos de resistencia moderada. Se caracterizan por una buena calidad superficial y un curado r\u00e1pido. <\/li><li><b>Resinas de fotopolimerizaci\u00f3n:<\/b> Permiten crear modelos muy detallados con superficies lisas, ideales para proyectos que requieren gran precisi\u00f3n.<\/li><\/ul><p><b>Resinas de alta precisi\u00f3n<\/b><\/p><ul><li><b>Resinas de Alta Temperatura<\/b>: Formuladas para moldes de fundici\u00f3n y herramientas que requieren resistencia a altas temperaturas.<\/li><li><b>Resinas de impacto<\/b>: Proporcionan resistencia en caso de da\u00f1os mec\u00e1nicos, aumentando la durabilidad de los componentes.<\/li><\/ul><p><b>Resinas transparentes y coloreadas<\/b><\/p><ul><li><b>Resinas transparentes<\/b>: Ideales para la visualizaci\u00f3n y el an\u00e1lisis de modelos transparentes.<\/li><li><b>Resinas de colores:<\/b> Permite imprimir modelos en varios colores, \u00fatil para proyectos que requieren est\u00e9tica y variedad.<\/li><\/ul><p><b>Resinas biocompatibles<\/b><\/p><ul><li><b>Resinas biocompatibles: <\/b>seguras para el contacto con el cuerpo humano, utilizadas en medicina y odontolog\u00eda, ideales para la producci\u00f3n de prototipos y dispositivos m\u00e9dicos.<\/li><\/ul><h6>Tecnolog\u00eda FDM  <\/h6><p>La tecnolog\u00eda FDM consiste en aplicar material fundido capa a capa para crear un modelo 3D. Es una t\u00e9cnica vers\u00e1til que permite imprimir a partir de diversos materiales, como PLA, ABS o PETG. La FDM es ideal para crear prototipos, fabricar herramientas o componentes funcionales, ya que combina versatilidad y rentabilidad.  <\/p><p><b>Materiales disponibles:<\/b><\/p><p>Termopl\u00e1sticos<\/p><ul><li><b>PLA (\u00e1cido polil\u00e1ctico):<\/b> Material ecol\u00f3gico, f\u00e1cil de procesar, ideal para prototipos y modelos decorativos.<\/li><li><b>ABS (Acrilonitrilo-Butadieno-Estireno):<\/b> Duradero y resistente a los impactos, perfecto para componentes funcionales y piezas mec\u00e1nicas.<\/li><li><b>PETG (Polietileno tereftalato de glicol):<\/b> Material resistente a los productos qu\u00edmicos y a la humedad que combina resistencia y flexibilidad.<\/li><\/ul><p><b>Materiales de ingenier\u00eda<\/b><\/p><ul><li><b>Nylon<\/b>: Material muy resistente a la abrasi\u00f3n, ideal para piezas mec\u00e1nicas.<\/li><li><b>TPU <\/b>(Uretano Termopl\u00e1stico): Material flexible, excelente para imprimir componentes de goma y amortiguaci\u00f3n.<\/li><li><b>ASA <\/b>(Acrilonitrilo-Estireno-Acrilato): Resistente a la intemperie y a los rayos UV, ideal para aplicaciones en exteriores.<\/li><\/ul><p><b>Materiales compuestos<\/b><\/p><ul><li><b>Fibra de carbono<\/b>: Proporciona una resistencia y rigidez excepcionales, ideal para componentes de gran resistencia.<\/li><li><b>Fibra de vidrio:<\/b> Aumenta la resistencia y la estabilidad de los materiales, excelente para aplicaciones que requieren resistencia a la abrasi\u00f3n y a la tensi\u00f3n mec\u00e1nica.<\/li><\/ul><h6>Tecnolog\u00eda SLS (Sinterizado L\u00e1ser Selectivo)<\/h6><p>La tecnolog\u00eda SLS consiste en utilizar un l\u00e1ser para sinterizar polvos (como nailon, poliamida o metal) para crear objetos 3D duraderos y resistentes. El SLS es especialmente \u00fatil para producir piezas de alta resistencia con geometr\u00edas complejas. Es ideal para crear piezas mec\u00e1nicas funcionales y prototipos en diversas industrias.  <\/p><p><b>Materiales disponibles:<\/b><\/p><p>Polvos de poliamida<\/p><ul><li><b>Nylon 12<\/b>: Un material vers\u00e1til de gran resistencia y flexibilidad, ideal para piezas funcionales y prototipos.<\/li><li><b>Nylon 11:<\/b> Ofrece mayor resistencia a los productos qu\u00edmicos y a temperaturas m\u00e1s altas, se utiliza en aplicaciones m\u00e1s exigentes.<\/li><li><span style=\"font-family: var( --e-global-typography-secondary-font-family ), ROBOTO; font-weight: var( --e-global-typography-secondary-font-weight );\"><b>TPU<\/b><\/span><span style=\"font-family: var( --e-global-typography-secondary-font-family ), ROBOTO; font-weight: var( --e-global-typography-secondary-font-weight );\">: Un material flexible y resistente a la abrasi\u00f3n que se utiliza para piezas flexibles como juntas y cubiertas.<\/span><\/li><li><span style=\"font-family: var( --e-global-typography-secondary-font-family ), ROBOTO;\"><b>P<\/b><\/span><span style=\"font-family: var( --e-global-typography-secondary-font-family ), ROBOTO;\"><b>A 12 GF:<\/b><\/span><span style=\"font-family: var( --e-global-typography-secondary-font-family ), ROBOTO; font-weight: var( --e-global-typography-secondary-font-weight );\">  Compuesto con adici\u00f3n de fibras de vidrio, aumenta la resistencia y rigidez del material. Ideal para componentes mec\u00e1nicos expuestos a cargas elevadas. <\/span><\/li><\/ul><h6>Nuestras capacidades tecnol\u00f3gicas<\/h6><p><strong style=\"font-family: var( --e-global-typography-secondary-font-family ), ROBOTO;\">2<\/strong><b style=\"font-family: var( --e-global-typography-secondary-font-family ), ROBOTO;\"> Impresoras SLS:<\/b><span style=\"font-family: var( --e-global-typography-secondary-font-family ), ROBOTO; font-weight: var( --e-global-typography-secondary-font-weight );\">  Con dos impresoras SLS de \u00faltima generaci\u00f3n, podemos realizar con eficacia proyectos complejos. La tecnolog\u00eda SLS nos permite crear objetos duraderos y precisos, ideales para aplicaciones industriales y prototipos avanzados.   <\/span><strong style=\"font-family: var( --e-global-typography-secondary-font-family ), ROBOTO;\">3 c\u00e1maras de impresi\u00f3n<\/strong><span style=\"font-family: var( --e-global-typography-secondary-font-family ), ROBOTO; font-weight: var( --e-global-typography-secondary-font-weight );\"> SLS con enorme \u00e1rea de trabajo <\/span><strong style=\"font-family: var( --e-global-typography-secondary-font-family ), ROBOTO;\">(\u00d8200 x 360 mm)<\/strong><span style=\"font-family: var( --e-global-typography-secondary-font-family ), ROBOTO; font-weight: var( --e-global-typography-secondary-font-weight );\">permiten imprimir varios proyectos simult\u00e1neamente, lo que acelera considerablemente los plazos de entrega y permite gestionar eficazmente grandes pedidos.<\/span><\/p><p><strong style=\"font-family: var( --e-global-typography-secondary-font-family ), ROBOTO;\">1 impresora SLA<\/strong><span style=\"font-family: var( --e-global-typography-secondary-font-family ), ROBOTO; font-weight: var( --e-global-typography-secondary-font-weight );\">Nuestra impresora SLA permite producir modelos con un detalle y una suavidad de superficie excepcionales. Es ideal para prototipos de precisi\u00f3n y proyectos complejos que requieran la m\u00e1xima calidad de detalle. <\/span><\/p><p><strong style=\"font-family: var( --e-global-typography-secondary-font-family ), ROBOTO;\">6 impresoras FDM<\/strong><span style=\"font-family: var( --e-global-typography-secondary-font-family ), ROBOTO; font-weight: var( --e-global-typography-secondary-font-weight );\">  con c\u00e1mara calefactada: Tenemos seis impresoras FDM equipadas con c\u00e1maras calefactadas, lo que garantiza la estabilidad dimensional y unas propiedades mec\u00e1nicas \u00f3ptimas de las piezas impresas. Gracias a esta tecnolog\u00eda, podemos gestionar grandes pedidos y producir piezas funcionales de gran resistencia y precisi\u00f3n. <\/span><\/p>\t\t\t\t\t\t\t\t<\/div>\n\t\t\t\t\t<\/div>\n\t\t<\/div>\n\t\t\t\t\t<\/div>\n\t\t<\/section>\n\t\t\t\t<\/div>\n\t\t","protected":false},"excerpt":{"rendered":"<p>Servicio de impresi\u00f3n 3D &#8211; Jasionka, Rzesz\u00f3w, Subcarpacia En nuestra empresa de Jasionka, cerca de Rzesz\u00f3w, ofrecemos servicios integrales de impresi\u00f3n 3D con tecnolog\u00edas modernas: SLA (estereolitograf\u00eda), FDM (modelado de materiales complejos) y SLS (sinterizaci\u00f3n selectiva por l\u00e1ser). A continuaci\u00f3n encontrar\u00e1s descripciones detalladas de las tecnolog\u00edas de impresi\u00f3n 3D disponibles y de los materiales que [&hellip;]<\/p>\n","protected":false},"author":1,"featured_media":0,"parent":0,"menu_order":0,"comment_status":"closed","ping_status":"closed","template":"","meta":{"_acf_changed":false,"om_disable_all_campaigns":false,"_monsterinsights_skip_tracking":false,"_monsterinsights_sitenote_active":false,"_monsterinsights_sitenote_note":"","_monsterinsights_sitenote_category":0,"_uf_show_specific_survey":0,"_uf_disable_surveys":false,"footnotes":""},"class_list":["post-8155","page","type-page","status-publish","hentry"],"acf":[],"aioseo_notices":[],"_links":{"self":[{"href":"https:\/\/b-technology.eu\/es\/wp-json\/wp\/v2\/pages\/8155","targetHints":{"allow":["GET"]}}],"collection":[{"href":"https:\/\/b-technology.eu\/es\/wp-json\/wp\/v2\/pages"}],"about":[{"href":"https:\/\/b-technology.eu\/es\/wp-json\/wp\/v2\/types\/page"}],"author":[{"embeddable":true,"href":"https:\/\/b-technology.eu\/es\/wp-json\/wp\/v2\/users\/1"}],"replies":[{"embeddable":true,"href":"https:\/\/b-technology.eu\/es\/wp-json\/wp\/v2\/comments?post=8155"}],"version-history":[{"count":3,"href":"https:\/\/b-technology.eu\/es\/wp-json\/wp\/v2\/pages\/8155\/revisions"}],"predecessor-version":[{"id":8727,"href":"https:\/\/b-technology.eu\/es\/wp-json\/wp\/v2\/pages\/8155\/revisions\/8727"}],"wp:attachment":[{"href":"https:\/\/b-technology.eu\/es\/wp-json\/wp\/v2\/media?parent=8155"}],"curies":[{"name":"wp","href":"https:\/\/api.w.org\/{rel}","templated":true}]}}