{"id":8285,"date":"2019-12-15T06:52:34","date_gmt":"2019-12-15T05:52:34","guid":{"rendered":"https:\/\/b-technology.eu\/quienes-somos\/"},"modified":"2025-05-24T16:23:34","modified_gmt":"2025-05-24T14:23:34","slug":"quienes-somos","status":"publish","type":"page","link":"https:\/\/b-technology.eu\/es\/quienes-somos\/","title":{"rendered":"Sobre nosotros"},"content":{"rendered":"\t\t<div data-elementor-type=\"wp-page\" data-elementor-id=\"8285\" class=\"elementor elementor-8285 elementor-60\">\n\t\t\t\t\t\t<section class=\"elementor-section elementor-top-section elementor-element elementor-element-c7a013b elementor-section-boxed elementor-section-height-default elementor-section-height-default\" data-id=\"c7a013b\" data-element_type=\"section\" data-settings=\"{&quot;jet_parallax_layout_list&quot;:[]}\">\n\t\t\t\t\t\t<div class=\"elementor-container elementor-column-gap-default\">\n\t\t\t\t\t<div class=\"elementor-column elementor-col-100 elementor-top-column elementor-element elementor-element-81184f2\" data-id=\"81184f2\" data-element_type=\"column\">\n\t\t\t<div class=\"elementor-widget-wrap elementor-element-populated\">\n\t\t\t\t\t\t<div class=\"elementor-element elementor-element-f1df740 elementor-widget elementor-widget-spacer\" data-id=\"f1df740\" data-element_type=\"widget\" data-widget_type=\"spacer.default\">\n\t\t\t\t\t\t\t<div class=\"elementor-spacer\">\n\t\t\t<div class=\"elementor-spacer-inner\"><\/div>\n\t\t<\/div>\n\t\t\t\t\t\t<\/div>\n\t\t\t\t\t<\/div>\n\t\t<\/div>\n\t\t\t\t\t<\/div>\n\t\t<\/section>\n\t\t\t\t<section class=\"elementor-section elementor-top-section elementor-element elementor-element-50f51a3 elementor-section-boxed elementor-section-height-default elementor-section-height-default\" data-id=\"50f51a3\" data-element_type=\"section\" data-settings=\"{&quot;jet_parallax_layout_list&quot;:[]}\">\n\t\t\t\t\t\t<div class=\"elementor-container elementor-column-gap-default\">\n\t\t\t\t\t<div class=\"elementor-column elementor-col-100 elementor-top-column elementor-element elementor-element-e7cf15e\" data-id=\"e7cf15e\" data-element_type=\"column\">\n\t\t\t<div class=\"elementor-widget-wrap elementor-element-populated\">\n\t\t\t\t\t\t<div class=\"elementor-element elementor-element-fc80fe2 elementor-widget elementor-widget-text-editor\" data-id=\"fc80fe2\" data-element_type=\"widget\" data-widget_type=\"text-editor.default\">\n\t\t\t\t\t\t\t\t\t<p>B-Technology es un centro de alta tecnolog\u00eda en r\u00e1pido crecimiento, que presta servicios de la m\u00e1xima calidad en mecanizado CNC avanzado, impresi\u00f3n 3D, dise\u00f1o CAD, construcci\u00f3n de prototipos y laminado de materiales compuestos. Somos pioneros en nuestro campo, luchamos constantemente por la excelencia y establecemos nuevos est\u00e1ndares en el sector. <\/p><p>Nuestra especialidad, el mecanizado CNC, utiliza tecnolog\u00edas de fresado y torneado de \u00faltima generaci\u00f3n, incorporando operaciones de 3 y 5 ejes. Nuestros servicios avanzados, como el torneado CNC en el eje Y, nos permiten realizar un mecanizado preciso y eficaz para crear piezas complejas con una precisi\u00f3n inigualable. <\/p><p>Como expertos en impresi\u00f3n 3D, tenemos amplia experiencia en diversas tecnolog\u00edas, como el sinterizado selectivo por l\u00e1ser (SLS), el modelado de filamento soluble (FDM) y la estereolitograf\u00eda (SLA). Estas soluciones nos permiten proporcionar a los clientes componentes de alta precisi\u00f3n y resistencia, ideales para una amplia gama de aplicaciones. <\/p><p>Nuestros servicios de dise\u00f1o CAD incluyen la creaci\u00f3n de modelos 3D precisos y dibujos t\u00e9cnicos detallados. Ofrecemos a nuestros clientes apoyo en todas las fases del dise\u00f1o, desde la visualizaci\u00f3n hasta las pruebas, garantizando un proceso fluido para hacer realidad sus ideas. <\/p><p>Cuando se trata de construir prototipos, tenemos una gran cantidad de conocimientos y experiencia que nos permiten completar los dise\u00f1os de nuestros clientes con precisi\u00f3n y rapidez, antes de que empiecen la producci\u00f3n a escala real.<\/p><p>Adem\u00e1s, creamos componentes ligeros y resistentes con nuestros conocimientos especializados en laminaci\u00f3n de materiales compuestos. Ideal para aplicaciones que requieren una gran resistencia sin dejar de ser ligeras. <\/p><p>B-Technology no es s\u00f3lo una empresa que busca la excelencia, sino tambi\u00e9n un lugar donde la tecnolog\u00eda innovadora se une a la artesan\u00eda tradicional para ofrecer servicios de la m\u00e1xima calidad a nuestros clientes. Con nuestra amplia gama de productos, podemos satisfacer los requisitos m\u00e1s diversos y complejos de nuestros clientes. <\/p><p>Estamos orgullosos de nuestro invento, que est\u00e1 protegido por una patente internacional que cubre el 80% de los mercados mundiales. Nuestro primer producto gan\u00f3 popularidad en la plataforma Kickstarter, recaudando 122.000 \u00a3 de ayuda econ\u00f3mica. Una campa\u00f1a de crowdfunding posterior en la plataforma Indiegogo nos aport\u00f3 otros 4.700 $, lo que demuestra el inter\u00e9s de la comunidad de crowdfunding por nuestros productos. Agradecemos la confianza de nuestros clientes y trabajamos constantemente para desarrollar nuestros productos con el fin de satisfacer y superar sus expectativas.   <\/p><p>En nuestro trabajo, nos centramos en el desarrollo y la innovaci\u00f3n continuos. Nuestros productos no s\u00f3lo se distinguen por su calidad, sino tambi\u00e9n por sus soluciones innovadoras y su seguridad.   <\/p><p>La posesi\u00f3n de una patente internacional y el \u00e9xito de nuestras campa\u00f1as de crowdfunding son prueba de la calidad y el valor de nuestros productos. Gracias a nuestro avanzado parque tecnol\u00f3gico, somos capaces de satisfacer las demandas y expectativas de nuestros clientes. Nuestro equipo de especialistas siente pasi\u00f3n y entusiasmo por crear soluciones y productos innovadores que cambien el futuro.  <\/p><p>Nuestra empresa dispone de un moderno parque tecnol\u00f3gico, equipado con la maquinaria y las herramientas m\u00e1s modernas y avanzadas para fabricar productos innovadores y de alta calidad.<\/p><p>Nuestro parque tecnol\u00f3gico incluye, entre otras cosas, un dinam\u00f3metro de h\u00e9lices que nos permite probar y medir la potencia y la velocidad de las h\u00e9lices. Tambi\u00e9n tenemos una m\u00e1quina CNC de Okuma, que permite precisi\u00f3nNos especializamos en el dise\u00f1o, la investigaci\u00f3n, el desarrollo y la producci\u00f3n de modernos drones todoterreno, veh\u00edculos a\u00e9reos no tripulados, juguetes RC, robots y electr\u00f3nica de consumo. Nuestro principal objetivo es la innovaci\u00f3n en el campo de los drones y el transporte vehicular, con especial \u00e9nfasis en los distintos m\u00e9todos de movilidad.  <\/p>\t\t\t\t\t\t\t\t<\/div>\n\t\t\t\t\t<\/div>\n\t\t<\/div>\n\t\t\t\t\t<\/div>\n\t\t<\/section>\n\t\t\t\t<\/div>\n\t\t","protected":false},"excerpt":{"rendered":"<p>B-Technology es un centro de alta tecnolog\u00eda en r\u00e1pido crecimiento, que presta servicios de la m\u00e1xima calidad en mecanizado CNC avanzado, impresi\u00f3n 3D, dise\u00f1o CAD, construcci\u00f3n de prototipos y laminado de materiales compuestos. Somos pioneros en nuestro campo, luchamos constantemente por la excelencia y establecemos nuevos est\u00e1ndares en el sector. Nuestra especialidad, el mecanizado CNC, [&hellip;]<\/p>\n","protected":false},"author":1,"featured_media":0,"parent":0,"menu_order":0,"comment_status":"closed","ping_status":"closed","template":"full-width.php","meta":{"_acf_changed":false,"om_disable_all_campaigns":false,"_monsterinsights_skip_tracking":false,"_monsterinsights_sitenote_active":false,"_monsterinsights_sitenote_note":"","_monsterinsights_sitenote_category":0,"_uf_show_specific_survey":0,"_uf_disable_surveys":false,"footnotes":""},"class_list":["post-8285","page","type-page","status-publish","hentry"],"acf":[],"aioseo_notices":[],"_links":{"self":[{"href":"https:\/\/b-technology.eu\/es\/wp-json\/wp\/v2\/pages\/8285","targetHints":{"allow":["GET"]}}],"collection":[{"href":"https:\/\/b-technology.eu\/es\/wp-json\/wp\/v2\/pages"}],"about":[{"href":"https:\/\/b-technology.eu\/es\/wp-json\/wp\/v2\/types\/page"}],"author":[{"embeddable":true,"href":"https:\/\/b-technology.eu\/es\/wp-json\/wp\/v2\/users\/1"}],"replies":[{"embeddable":true,"href":"https:\/\/b-technology.eu\/es\/wp-json\/wp\/v2\/comments?post=8285"}],"version-history":[{"count":4,"href":"https:\/\/b-technology.eu\/es\/wp-json\/wp\/v2\/pages\/8285\/revisions"}],"predecessor-version":[{"id":8765,"href":"https:\/\/b-technology.eu\/es\/wp-json\/wp\/v2\/pages\/8285\/revisions\/8765"}],"wp:attachment":[{"href":"https:\/\/b-technology.eu\/es\/wp-json\/wp\/v2\/media?parent=8285"}],"curies":[{"name":"wp","href":"https:\/\/api.w.org\/{rel}","templated":true}]}}