{"id":8314,"date":"2021-10-07T09:46:28","date_gmt":"2021-10-07T07:46:28","guid":{"rendered":"https:\/\/b-technology.eu\/proyecto-iun\/"},"modified":"2025-05-24T16:23:19","modified_gmt":"2025-05-24T14:23:19","slug":"proyecto-iun","status":"publish","type":"page","link":"https:\/\/b-technology.eu\/es\/proyecto-iun\/","title":{"rendered":"Proyecto IUN"},"content":{"rendered":"\t\t<div data-elementor-type=\"wp-page\" data-elementor-id=\"8314\" class=\"elementor elementor-8314 elementor-659\">\n\t\t\t\t\t\t<section class=\"elementor-section elementor-top-section elementor-element elementor-element-c262b3c elementor-section-height-min-height elementor-section-items-top elementor-section-content-top elementor-section-boxed elementor-section-height-default\" data-id=\"c262b3c\" data-element_type=\"section\" data-settings=\"{&quot;jet_parallax_layout_list&quot;:[{&quot;jet_parallax_layout_image&quot;:{&quot;url&quot;:&quot;&quot;,&quot;id&quot;:&quot;&quot;,&quot;size&quot;:&quot;&quot;},&quot;_id&quot;:&quot;4dcd21a&quot;,&quot;jet_parallax_layout_image_tablet&quot;:{&quot;url&quot;:&quot;&quot;,&quot;id&quot;:&quot;&quot;,&quot;size&quot;:&quot;&quot;},&quot;jet_parallax_layout_image_mobile&quot;:{&quot;url&quot;:&quot;&quot;,&quot;id&quot;:&quot;&quot;,&quot;size&quot;:&quot;&quot;},&quot;jet_parallax_layout_speed&quot;:{&quot;unit&quot;:&quot;%&quot;,&quot;size&quot;:50,&quot;sizes&quot;:[]},&quot;jet_parallax_layout_type&quot;:&quot;scroll&quot;,&quot;jet_parallax_layout_direction&quot;:&quot;1&quot;,&quot;jet_parallax_layout_fx_direction&quot;:null,&quot;jet_parallax_layout_z_index&quot;:&quot;&quot;,&quot;jet_parallax_layout_bg_x&quot;:50,&quot;jet_parallax_layout_bg_x_tablet&quot;:&quot;&quot;,&quot;jet_parallax_layout_bg_x_mobile&quot;:&quot;&quot;,&quot;jet_parallax_layout_bg_y&quot;:50,&quot;jet_parallax_layout_bg_y_tablet&quot;:&quot;&quot;,&quot;jet_parallax_layout_bg_y_mobile&quot;:&quot;&quot;,&quot;jet_parallax_layout_bg_size&quot;:&quot;auto&quot;,&quot;jet_parallax_layout_bg_size_tablet&quot;:&quot;&quot;,&quot;jet_parallax_layout_bg_size_mobile&quot;:&quot;&quot;,&quot;jet_parallax_layout_animation_prop&quot;:&quot;transform&quot;,&quot;jet_parallax_layout_on&quot;:[&quot;desktop&quot;,&quot;tablet&quot;]}]}\">\n\t\t\t\t\t\t<div class=\"elementor-container elementor-column-gap-default\">\n\t\t\t\t\t<div class=\"elementor-column elementor-col-100 elementor-top-column elementor-element elementor-element-aea6ba4\" data-id=\"aea6ba4\" data-element_type=\"column\">\n\t\t\t<div class=\"elementor-widget-wrap elementor-element-populated\">\n\t\t\t\t\t\t<div class=\"elementor-element elementor-element-221b476 elementor-widget elementor-widget-text-editor\" data-id=\"221b476\" data-element_type=\"widget\" data-widget_type=\"text-editor.default\">\n\t\t\t\t\t\t\t\t\t<p>B-Technology Sociedad de responsabilidad limitada con sede en Jasionka<\/p><p>ejecuta un proyecto cofinanciado por Fondos Europeos del Programa Operativo Desarrollo Inteligente 2014-2020, Medida 1.1. Proyectos de I+D de empresas, Submedida 1.1.1 &#8211; Trabajos de investigaci\u00f3n y desarrollo industrial realizados por empresas, Convenio de subvenci\u00f3n n\u00ba POIR.01.01.01-00-1032\/20 <\/p><ol><li><em>\u201cInnovador sistema de propulsi\u00f3n para aplicaciones de drones que permite una locomoci\u00f3n eficaz en entornos a\u00e9reos, terrestres y acu\u00e1ticos\u201d.<\/em><\/li><\/ol><p>Objetivo del proyecto: El objetivo del proyecto es desarrollar un sistema de propulsi\u00f3n innovador, as\u00ed como el dise\u00f1o de un veh\u00edculo multiambiental no tripulado, que se caracterizar\u00e1 por su bajo peso, alta eficiencia y podr\u00e1 navegar por tierra, agua y aire.<\/p><p>Fecha de aplicaci\u00f3n: 01.02.2021 &#8211; 31.01.2023<\/p><p>Valor del proyecto: PLN 4.892.830,75<\/p><p>Importe de la financiaci\u00f3n: PLN 3.469.356,59<\/p>\t\t\t\t\t\t\t\t<\/div>\n\t\t\t\t\t<\/div>\n\t\t<\/div>\n\t\t\t\t\t<\/div>\n\t\t<\/section>\n\t\t\t\t<\/div>\n\t\t","protected":false},"excerpt":{"rendered":"<p>B-Technology Sociedad de responsabilidad limitada con sede en Jasionka ejecuta un proyecto cofinanciado por Fondos Europeos del Programa Operativo Desarrollo Inteligente 2014-2020, Medida 1.1. Proyectos de I+D de empresas, Submedida 1.1.1 &#8211; Trabajos de investigaci\u00f3n y desarrollo industrial realizados por empresas, Convenio de subvenci\u00f3n n\u00ba POIR.01.01.01-00-1032\/20 \u201cInnovador sistema de propulsi\u00f3n para aplicaciones de drones que [&hellip;]<\/p>\n","protected":false},"author":1,"featured_media":0,"parent":0,"menu_order":0,"comment_status":"closed","ping_status":"closed","template":"full-width.php","meta":{"_acf_changed":false,"om_disable_all_campaigns":false,"_monsterinsights_skip_tracking":false,"_monsterinsights_sitenote_active":false,"_monsterinsights_sitenote_note":"","_monsterinsights_sitenote_category":0,"_uf_show_specific_survey":0,"_uf_disable_surveys":false,"footnotes":""},"class_list":["post-8314","page","type-page","status-publish","hentry"],"acf":[],"aioseo_notices":[],"_links":{"self":[{"href":"https:\/\/b-technology.eu\/es\/wp-json\/wp\/v2\/pages\/8314","targetHints":{"allow":["GET"]}}],"collection":[{"href":"https:\/\/b-technology.eu\/es\/wp-json\/wp\/v2\/pages"}],"about":[{"href":"https:\/\/b-technology.eu\/es\/wp-json\/wp\/v2\/types\/page"}],"author":[{"embeddable":true,"href":"https:\/\/b-technology.eu\/es\/wp-json\/wp\/v2\/users\/1"}],"replies":[{"embeddable":true,"href":"https:\/\/b-technology.eu\/es\/wp-json\/wp\/v2\/comments?post=8314"}],"version-history":[{"count":3,"href":"https:\/\/b-technology.eu\/es\/wp-json\/wp\/v2\/pages\/8314\/revisions"}],"predecessor-version":[{"id":8751,"href":"https:\/\/b-technology.eu\/es\/wp-json\/wp\/v2\/pages\/8314\/revisions\/8751"}],"wp:attachment":[{"href":"https:\/\/b-technology.eu\/es\/wp-json\/wp\/v2\/media?parent=8314"}],"curies":[{"name":"wp","href":"https:\/\/api.w.org\/{rel}","templated":true}]}}