{"id":8598,"date":"2025-05-24T14:22:36","date_gmt":"2025-05-24T12:22:36","guid":{"rendered":"https:\/\/b-technology.eu\/doblado-de-chapas\/"},"modified":"2025-05-24T16:22:21","modified_gmt":"2025-05-24T14:22:21","slug":"doblado-de-chapas","status":"publish","type":"page","link":"https:\/\/b-technology.eu\/es\/doblado-de-chapas\/","title":{"rendered":"Doblado de chapas"},"content":{"rendered":"\t\t<div data-elementor-type=\"wp-page\" data-elementor-id=\"8598\" class=\"elementor elementor-8598 elementor-8591\">\n\t\t\t\t<div class=\"elementor-element elementor-element-bc3c8d2 e-flex e-con-boxed e-con e-parent\" data-id=\"bc3c8d2\" data-element_type=\"container\" data-settings=\"{&quot;jet_parallax_layout_list&quot;:[]}\">\n\t\t\t\t\t<div class=\"e-con-inner\">\n\t\t\t\t<div class=\"elementor-element elementor-element-4d17dc1 elementor-widget elementor-widget-image\" data-id=\"4d17dc1\" data-element_type=\"widget\" data-widget_type=\"image.default\">\n\t\t\t\t\t\t\t\t\t\t\t\t\t\t\t<img fetchpriority=\"high\" decoding=\"async\" width=\"2560\" height=\"1138\" src=\"https:\/\/b-technology.eu\/wp-content\/uploads\/2025\/05\/iStock-2212236917-scaled.jpg\" class=\"attachment-full size-full wp-image-8028\" alt=\"\" srcset=\"https:\/\/b-technology.eu\/wp-content\/uploads\/2025\/05\/iStock-2212236917-scaled.jpg 2560w, https:\/\/b-technology.eu\/wp-content\/uploads\/2025\/05\/iStock-2212236917-300x133.jpg 300w, https:\/\/b-technology.eu\/wp-content\/uploads\/2025\/05\/iStock-2212236917-1024x455.jpg 1024w, https:\/\/b-technology.eu\/wp-content\/uploads\/2025\/05\/iStock-2212236917-768x341.jpg 768w, https:\/\/b-technology.eu\/wp-content\/uploads\/2025\/05\/iStock-2212236917-1536x683.jpg 1536w, https:\/\/b-technology.eu\/wp-content\/uploads\/2025\/05\/iStock-2212236917-2048x910.jpg 2048w\" sizes=\"(max-width: 2560px) 100vw, 2560px\" \/>\t\t\t\t\t\t\t\t\t\t\t\t\t\t\t<\/div>\n\t\t\t\t\t<\/div>\n\t\t\t\t<\/div>\n\t\t<div class=\"elementor-element elementor-element-f353d23 e-flex e-con-boxed e-con e-parent\" data-id=\"f353d23\" data-element_type=\"container\" data-settings=\"{&quot;jet_parallax_layout_list&quot;:[]}\">\n\t\t\t\t\t<div class=\"e-con-inner\">\n\t\t\t\t<div class=\"elementor-element elementor-element-3ed5141 elementor-widget elementor-widget-text-editor\" data-id=\"3ed5141\" data-element_type=\"widget\" data-widget_type=\"text-editor.default\">\n\t\t\t\t\t\t\t\t\t<h6>Doblado profesional de chapa  <\/h6><p>En B-Technology, ofrecemos servicios de plegado de chapa precisos y fiables utilizando la avanzada plegadora Trumpf TruBend 3100. Gracias a esta tecnolog\u00eda, realizamos formas complejas con la m\u00e1xima precisi\u00f3n y repetibilidad, lo que se traduce en calidad del producto acabado y ahorro de tiempo de producci\u00f3n. <\/p><p>Nuestros servicios se dirigen a clientes industriales, empresas de construcci\u00f3n, fabricantes de maquinaria y empresas que realizan prototipos y producci\u00f3n en serie.<\/p><h6>Prensa plegadora Trumpf TruBend 3100 &#8211; precisi\u00f3n de primera<\/h6><p>Nuestro centro de plegado est\u00e1 equipado con la fiable y prestigiosa plegadora Trumpf TruBend 3100, una m\u00e1quina que combina una construcci\u00f3n robusta con lo \u00faltimo en control num\u00e9rico, lo que permite plegar incluso piezas grandes con rapidez y precisi\u00f3n. <\/p><h6>Par\u00e1metros t\u00e9cnicos clave:<\/h6><ul><li>Fuerza de prensado 1000 kN (100 toneladas)<\/li><li>Longitud m\u00e1xima de flexi\u00f3n 3060 mm<\/li><li>Precisi\u00f3n de posicionamiento: \u00b10,01 mm<\/li><li>Control CNC: TruTops con pantalla t\u00e1ctil T3500T<\/li><li>Rango de ejes: 5 (X, \u0394X, R, Z1, Z2)<\/li><li>Velocidad de avance: hasta 200 mm\/s<\/li><li>Altura m\u00e1xima de apertura 620 mm<\/li><li>Carrera de la corredera 350 mm<\/li><li>Repetibilidad: alta, incluso con secuencias de plegado complejas<\/li><li>Potencia de accionamiento principal: 20 kVA<\/li><\/ul><h6>Gama de materiales: \u00bfqu\u00e9 podemos doblar?<\/h6><p>Gracias a la versatilidad de la prensa TruBend 3100, podemos plegar una gran variedad de materiales manteniendo una gran precisi\u00f3n y calidad de los cantos:<\/p><h6>Material Espesor m\u00e1ximo (a 3 m de longitud)<\/h6><ul><li>Acero estructural hasta 6 mm<\/li><li>Acero inoxidable hasta 4 mm<\/li><li>Aluminio hasta 8 mm<\/li><\/ul><p>Doblar longitudes m\u00e1s cortas permite un mayor grosor del material. Para requisitos individuales, no dudes en ponerte en contacto con nosotros. <\/p><h6>Ventajas del plegado de chapas en B-Technology<\/h6><ul><li>Alta precisi\u00f3n: precisi\u00f3n de d\u00e9cimas de mil\u00edmetro, incluso con formas complejas<\/li><li>Repetibilidad: calidad de plegado perfecta para series de producci\u00f3n<\/li><li>Entrega r\u00e1pida: la automatizaci\u00f3n y los controles avanzados reducen el tiempo de producci\u00f3n<\/li><li>Reelaboraci\u00f3n m\u00ednima: curvas limpias, sin deformaciones y sin necesidad de rectificar<\/li><li>Manejar una variedad de proyectos &#8211; desde detalles puntuales hasta producci\u00f3n de gran volumen<\/li><\/ul><h6>Aplicaciones de plegado de chapas<\/h6><ul><li>Nuestros servicios de plegado de chapa se utilizan ampliamente en muchas industrias:<\/li><li>Automoci\u00f3n y aeroespacial: soportes, carcasas, componentes estructurales<\/li><li>Fabricaci\u00f3n de maquinaria y equipo &#8211; Piezas de bastidores, soportes, carcasas<\/li><li>Construcci\u00f3n &#8211; \u00c1ngulos, perfiles de refuerzo, elementos de fachada<\/li><li>Dise\u00f1o industrial y publicidad &#8211; cerramientos met\u00e1licos, cajas de luz, paneles<\/li><li>Creaci\u00f3n de prototipos: realizaci\u00f3n r\u00e1pida de modelos de prueba y funcionales<\/li><\/ul><h6>\u00bfPor qu\u00e9 elegir B-Technology?<\/h6><ul><li>M\u00e1quinas de \u00faltima generaci\u00f3n: la tecnolog\u00eda Trumpf proporciona el m\u00e1s alto nivel de servicio<\/li><li>Un equipo experimentado: te asesoraremos sobre las mejores soluciones tecnol\u00f3gicas<\/li><li>Precios atractivos: oferta competitiva para pedidos individuales y en serie<\/li><li>Plazos de entrega r\u00e1pidos gracias a procesos internos eficaces<\/li><li>Ubicaci\u00f3n en Jasionka, cerca de Rzesz\u00f3w &#8211; atendemos a clientes de toda Polonia y la UE <\/li><\/ul><h6>Contacta con nosotros &#8211; \u00a1obt\u00e9n un presupuesto gratuito!<\/h6><p>Env\u00edanos planos t\u00e9cnicos o ponte en contacto directamente con nosotros para discutir los detalles de tu proyecto. Te ayudaremos a elegir los par\u00e1metros de plegado \u00f3ptimos y prepararemos un presupuesto individual. <\/p>\t\t\t\t\t\t\t\t<\/div>\n\t\t\t\t\t<\/div>\n\t\t\t\t<\/div>\n\t\t\t\t<\/div>\n\t\t","protected":false},"excerpt":{"rendered":"<p>Doblado profesional de chapa En B-Technology, ofrecemos servicios de plegado de chapa precisos y fiables utilizando la avanzada plegadora Trumpf TruBend 3100. Gracias a esta tecnolog\u00eda, realizamos formas complejas con la m\u00e1xima precisi\u00f3n y repetibilidad, lo que se traduce en calidad del producto acabado y ahorro de tiempo de producci\u00f3n. Nuestros servicios se dirigen a [&hellip;]<\/p>\n","protected":false},"author":1,"featured_media":0,"parent":0,"menu_order":0,"comment_status":"closed","ping_status":"closed","template":"","meta":{"_acf_changed":false,"om_disable_all_campaigns":false,"_monsterinsights_skip_tracking":false,"_monsterinsights_sitenote_active":false,"_monsterinsights_sitenote_note":"","_monsterinsights_sitenote_category":0,"_uf_show_specific_survey":0,"_uf_disable_surveys":false,"footnotes":""},"class_list":["post-8598","page","type-page","status-publish","hentry"],"acf":[],"aioseo_notices":[],"_links":{"self":[{"href":"https:\/\/b-technology.eu\/es\/wp-json\/wp\/v2\/pages\/8598","targetHints":{"allow":["GET"]}}],"collection":[{"href":"https:\/\/b-technology.eu\/es\/wp-json\/wp\/v2\/pages"}],"about":[{"href":"https:\/\/b-technology.eu\/es\/wp-json\/wp\/v2\/types\/page"}],"author":[{"embeddable":true,"href":"https:\/\/b-technology.eu\/es\/wp-json\/wp\/v2\/users\/1"}],"replies":[{"embeddable":true,"href":"https:\/\/b-technology.eu\/es\/wp-json\/wp\/v2\/comments?post=8598"}],"version-history":[{"count":2,"href":"https:\/\/b-technology.eu\/es\/wp-json\/wp\/v2\/pages\/8598\/revisions"}],"predecessor-version":[{"id":8677,"href":"https:\/\/b-technology.eu\/es\/wp-json\/wp\/v2\/pages\/8598\/revisions\/8677"}],"wp:attachment":[{"href":"https:\/\/b-technology.eu\/es\/wp-json\/wp\/v2\/media?parent=8598"}],"curies":[{"name":"wp","href":"https:\/\/api.w.org\/{rel}","templated":true}]}}