{"id":8052,"date":"2025-03-24T12:17:27","date_gmt":"2025-03-24T11:17:27","guid":{"rendered":"https:\/\/b-technology.eu\/conditions-generales-dutilisation\/"},"modified":"2025-05-24T16:22:39","modified_gmt":"2025-05-24T14:22:39","slug":"conditions-generales-dutilisation","status":"publish","type":"page","link":"https:\/\/b-technology.eu\/fr\/conditions-generales-dutilisation\/","title":{"rendered":"Conditions g\u00e9n\u00e9rales d&rsquo;utilisation"},"content":{"rendered":"\t\t<div data-elementor-type=\"wp-page\" data-elementor-id=\"8052\" class=\"elementor elementor-8052 elementor-5343\">\n\t\t\t\t<div class=\"elementor-element elementor-element-6e97c02 e-flex e-con-boxed e-con e-parent\" data-id=\"6e97c02\" data-element_type=\"container\" data-settings=\"{&quot;jet_parallax_layout_list&quot;:[]}\">\n\t\t\t\t\t<div class=\"e-con-inner\">\n\t\t\t\t<div class=\"elementor-element elementor-element-91321e8 elementor-widget elementor-widget-text-editor\" data-id=\"91321e8\" data-element_type=\"widget\" data-widget_type=\"text-editor.default\">\n\t\t\t\t\t\t\t\t\t<h6>CONDITIONS G\u00c9N\u00c9RALES<\/h6>\n<p><b>  1. Dispositions g\u00e9n\u00e9rales<br><\/b>  1.1. Les pr\u00e9sentes conditions g\u00e9n\u00e9rales (CG) d\u00e9finissent les r\u00e8gles applicables \u00e0 la fourniture de services par B-Technology (ci-apr\u00e8s d\u00e9nomm\u00e9 \u00ab contractant \u00bb).<br>1.2 Les CG s&rsquo;appliquent \u00e0 tous les contrats conclus avec des clients (ci-apr\u00e8s d\u00e9nomm\u00e9s \u00ab donneurs d&rsquo;ordre \u00bb), sauf si les parties en conviennent autrement par \u00e9crit. <\/p>\n<p><b>2 Offre et conclusion du contrat<br><\/b> 2.1 Toutes les offres du contractant sont faites \u00e0 titre indicatif et ne constituent pas une offre ferme au sens du Code civil.<br>2.2 Le contrat est conclu par la confirmation \u00e9crite de la commande par le contractant.<br>2.3 Toute modification de la commande n\u00e9cessite l&rsquo;accord \u00e9crit des deux parties.   <\/p>\n<p><b>3 Prix et conditions de paiement<br><\/b> 3.1 Les prix des services sont d\u00e9termin\u00e9s individuellement pour chaque commande et indiqu\u00e9s dans l&rsquo;offre.<br>3.2 Sauf convention contraire, le paiement est effectu\u00e9 sur la base d&rsquo;une facture TVA dans un d\u00e9lai de 14 jours \u00e0 compter de la date d&rsquo;\u00e9mission.<br>3.3 En cas de retard de paiement, le contractant est en droit d&rsquo;exiger des int\u00e9r\u00eats l\u00e9gaux.   <\/p>\n<p><b>4 Conditions de service<br><\/b> 4.1 Les dates d&rsquo;ach\u00e8vement du contrat sont fix\u00e9es individuellement et sont calcul\u00e9es \u00e0 partir du moment o\u00f9 le donneur d&rsquo;ordre fournit la documentation technique compl\u00e8te et effectue les paiements requis.<br>4.2 Le contractant se r\u00e9serve le droit de modifier la date d&rsquo;ach\u00e8vement en cas de force majeure, de p\u00e9nurie de mat\u00e9riaux ou d&rsquo;autres facteurs \u00e9chappant \u00e0 son contr\u00f4le.  <\/p>\n<p><b>5 Responsabilit\u00e9 et plaintes<br><\/b> 5.1 Toutes les plaintes concernant la qualit\u00e9 des services doivent \u00eatre soumises par \u00e9crit dans les 7 jours suivant la r\u00e9ception des \u00e9l\u00e9ments compl\u00e9t\u00e9s.<br>5.2 Le contractant s&rsquo;engage \u00e0 examiner les plaintes dans les 14 jours et \u00e0 prendre les mesures correctives appropri\u00e9es.<br>5.3 La responsabilit\u00e9 du contractant est limit\u00e9e \u00e0 la valeur du contrat et n&rsquo;inclut pas le manque \u00e0 gagner du donneur d&rsquo;ordre.   <\/p>\n<p><b>6 Droits d&rsquo;auteur et confidentialit\u00e9<br><\/b> 6.1 Tous les documents, mod\u00e8les et dessins techniques fournis par le donneur d&rsquo;ordre restent la propri\u00e9t\u00e9 du donneur d&rsquo;ordre et ne peuvent \u00eatre utilis\u00e9s par le contractant \u00e0 d&rsquo;autres fins.<br>6.2 Les parties s&rsquo;engagent \u00e0 pr\u00e9server la confidentialit\u00e9 de toutes les informations commerciales et techniques relatives \u00e0 l&rsquo;ex\u00e9cution du contrat.  <\/p>\n<p><b>7 Dispositions finales<br><\/b> 7.1 Tout litige d\u00e9coulant des pr\u00e9sentes CGV sera tranch\u00e9 par le tribunal comp\u00e9tent du si\u00e8ge social du contractant.<br>7.2 Pour les questions non r\u00e9gl\u00e9es par les pr\u00e9sentes CGV, les dispositions du Code civil s&rsquo;appliquent.<br>7.3 Les CGV entrent en vigueur \u00e0 la date de leur publication sur le site web du contractant ou de leur transmission au donneur d&rsquo;ordre.   <\/p>\t\t\t\t\t\t\t\t<\/div>\n\t\t\t\t\t<\/div>\n\t\t\t\t<\/div>\n\t\t\t\t<\/div>\n\t\t","protected":false},"excerpt":{"rendered":"<p>CONDITIONS G\u00c9N\u00c9RALES 1. Dispositions g\u00e9n\u00e9rales 1.1. Les pr\u00e9sentes conditions g\u00e9n\u00e9rales (CG) d\u00e9finissent les r\u00e8gles applicables \u00e0 la fourniture de services par B-Technology (ci-apr\u00e8s d\u00e9nomm\u00e9 \u00ab contractant \u00bb).1.2 Les CG s&rsquo;appliquent \u00e0 tous les contrats conclus avec des clients (ci-apr\u00e8s d\u00e9nomm\u00e9s \u00ab donneurs d&rsquo;ordre \u00bb), sauf si les parties en conviennent autrement par \u00e9crit. 2 Offre [&hellip;]<\/p>\n","protected":false},"author":1,"featured_media":0,"parent":0,"menu_order":0,"comment_status":"closed","ping_status":"closed","template":"","meta":{"_acf_changed":false,"om_disable_all_campaigns":false,"_monsterinsights_skip_tracking":false,"_monsterinsights_sitenote_active":false,"_monsterinsights_sitenote_note":"","_monsterinsights_sitenote_category":0,"_uf_show_specific_survey":0,"_uf_disable_surveys":false,"footnotes":""},"class_list":["post-8052","page","type-page","status-publish","hentry"],"acf":[],"aioseo_notices":[],"_links":{"self":[{"href":"https:\/\/b-technology.eu\/fr\/wp-json\/wp\/v2\/pages\/8052","targetHints":{"allow":["GET"]}}],"collection":[{"href":"https:\/\/b-technology.eu\/fr\/wp-json\/wp\/v2\/pages"}],"about":[{"href":"https:\/\/b-technology.eu\/fr\/wp-json\/wp\/v2\/types\/page"}],"author":[{"embeddable":true,"href":"https:\/\/b-technology.eu\/fr\/wp-json\/wp\/v2\/users\/1"}],"replies":[{"embeddable":true,"href":"https:\/\/b-technology.eu\/fr\/wp-json\/wp\/v2\/comments?post=8052"}],"version-history":[{"count":3,"href":"https:\/\/b-technology.eu\/fr\/wp-json\/wp\/v2\/pages\/8052\/revisions"}],"predecessor-version":[{"id":8722,"href":"https:\/\/b-technology.eu\/fr\/wp-json\/wp\/v2\/pages\/8052\/revisions\/8722"}],"wp:attachment":[{"href":"https:\/\/b-technology.eu\/fr\/wp-json\/wp\/v2\/media?parent=8052"}],"curies":[{"name":"wp","href":"https:\/\/api.w.org\/{rel}","templated":true}]}}