{"id":8166,"date":"2024-09-01T10:22:11","date_gmt":"2024-09-01T08:22:11","guid":{"rendered":"https:\/\/b-technology.eu\/cnc-draaien-met-y-as\/"},"modified":"2025-05-24T16:23:02","modified_gmt":"2025-05-24T14:23:02","slug":"cnc-draaien-met-y-as","status":"publish","type":"page","link":"https:\/\/b-technology.eu\/nl\/cnc-draaien-met-y-as\/","title":{"rendered":"CNC draaien met Y-as"},"content":{"rendered":"\t\t<div data-elementor-type=\"wp-page\" data-elementor-id=\"8166\" class=\"elementor elementor-8166 elementor-4947\">\n\t\t\t\t<div class=\"elementor-element elementor-element-48bb939 e-flex e-con-boxed e-con e-parent\" data-id=\"48bb939\" data-element_type=\"container\" data-settings=\"{&quot;jet_parallax_layout_list&quot;:[]}\">\n\t\t\t\t\t<div class=\"e-con-inner\">\n\t\t\t\t<div class=\"elementor-element elementor-element-4e41c1e elementor-widget elementor-widget-image\" data-id=\"4e41c1e\" data-element_type=\"widget\" data-widget_type=\"image.default\">\n\t\t\t\t\t\t\t\t\t\t\t\t\t\t\t<img fetchpriority=\"high\" decoding=\"async\" width=\"2560\" height=\"1138\" src=\"https:\/\/b-technology.eu\/wp-content\/uploads\/2025\/05\/b-technology-CNC-lathe-toczenie-cnc-scaled.jpg\" class=\"attachment-full size-full wp-image-7914\" alt=\"\" srcset=\"https:\/\/b-technology.eu\/wp-content\/uploads\/2025\/05\/b-technology-CNC-lathe-toczenie-cnc-scaled.jpg 2560w, https:\/\/b-technology.eu\/wp-content\/uploads\/2025\/05\/b-technology-CNC-lathe-toczenie-cnc-300x133.jpg 300w, https:\/\/b-technology.eu\/wp-content\/uploads\/2025\/05\/b-technology-CNC-lathe-toczenie-cnc-1024x455.jpg 1024w, https:\/\/b-technology.eu\/wp-content\/uploads\/2025\/05\/b-technology-CNC-lathe-toczenie-cnc-768x341.jpg 768w, https:\/\/b-technology.eu\/wp-content\/uploads\/2025\/05\/b-technology-CNC-lathe-toczenie-cnc-1536x683.jpg 1536w, https:\/\/b-technology.eu\/wp-content\/uploads\/2025\/05\/b-technology-CNC-lathe-toczenie-cnc-2048x910.jpg 2048w\" sizes=\"(max-width: 2560px) 100vw, 2560px\" \/>\t\t\t\t\t\t\t\t\t\t\t\t\t\t\t<\/div>\n\t\t\t\t\t<\/div>\n\t\t\t\t<\/div>\n\t\t\t\t<section class=\"elementor-section elementor-top-section elementor-element elementor-element-ddb0b4c elementor-section-boxed elementor-section-height-default elementor-section-height-default\" data-id=\"ddb0b4c\" data-element_type=\"section\" data-settings=\"{&quot;jet_parallax_layout_list&quot;:[]}\">\n\t\t\t\t\t\t<div class=\"elementor-container elementor-column-gap-default\">\n\t\t\t\t\t<div class=\"elementor-column elementor-col-100 elementor-top-column elementor-element elementor-element-8f9cf17\" data-id=\"8f9cf17\" data-element_type=\"column\">\n\t\t\t<div class=\"elementor-widget-wrap elementor-element-populated\">\n\t\t\t\t\t\t<div class=\"elementor-element elementor-element-04d9896 elementor-widget elementor-widget-text-editor\" data-id=\"04d9896\" data-element_type=\"widget\" data-widget_type=\"text-editor.default\">\n\t\t\t\t\t\t\t\t\t<h6>CNC-draaiservices met C-as &#8211; Complexe bewerkingen voor industri\u00eble sectoren<\/h6><p>Ons bedrijf in Podkarpackie biedt geavanceerde CNC C-as draaidiensten, die worden gebruikt in vele belangrijke industrie\u00ebn zoals de ruimtevaart, automobielindustrie, energie, machinebouw en andere sectoren die precisiebewerking vereisen. Met onze ultramoderne CNC C-assen draaibanken kunnen we zowel eenvoudige als zeer complexe projecten uitvoeren, waarbij we voldoen aan de hoogste normen voor kwaliteit en nauwkeurigheid. We zijn actief in heel Polen, inclusief de regio Rzesz\u00f3w en Jasionka.  <\/p><h6>CNC draaien met C-as &#8211; Uitgebreide productiemogelijkheden<\/h6><p><span style=\"font-family: var( --e-global-typography-secondary-font-family ), ROBOTO; font-weight: var( --e-global-typography-secondary-font-weight );\">CNC-draaibanken<\/span><span style=\"font-family: var( --e-global-typography-secondary-font-family ), ROBOTO; font-weight: var( --e-global-typography-secondary-font-weight );\">  van de bekende Japanse fabrikant OKUMA CNC met C-as maken geavanceerde bewerkingen mogelijk die draaien combineren met frezen, boren of groeven maken. Standaard draaibanken bewerken het werkstuk alleen in de X-as (horizontale beweging) en de Z-as (langsbeweging). De toevoeging van de C-as, die zorgt voor nauwkeurige rotatie van het werkstuk, opent veel bredere productiemogelijkheden. Hierdoor kunnen we eenvoudig complexere projecten uitvoeren, zoals gaten boren op ongebruikelijke oppervlakken, werkstukken onder een hoek frezen of groeven maken met complexe geometrie\u00ebn. Dit is ideaal voor de lucht- en ruimtevaart, de automobielindustrie, de energiesector en andere sectoren waar precisie en kwaliteit van cruciaal belang zijn.    <\/span><\/p><h6>Precisiedraaien van complexe vormen en details<\/h6><p>Onze CNC C-assige draaibanken kunnen werkstukken met een diameter tot 390 mm en een lengte tot 950 mm bewerken. Dit is ideaal voor bedrijven die zeer complexe onderdelen moeten bewerken die moeten voldoen aan strikte maattoleranties. Dankzij de hoge spindelsnelheid (tot 3.800 tpm) en de mogelijkheid om roterend gereedschap te gebruiken (met rotaties tot 6.000 tpm), kunnen we diverse bewerkingen uitvoeren met de hoogste precisie. Met onze geavanceerde technologie\u00ebn kunnen we complexe werkstukken in \u00e9\u00e9n bewerking draaien en frezen, waardoor de productietijd en -kosten aanzienlijk dalen.   <\/p><h6>Verwerking van verschillende materialen<\/h6><p>Onze geavanceerde CNC C-assige draaibanken kunnen een breed scala aan materialen effici\u00ebnt bewerken, waardoor we een flexibele partner zijn voor bedrijven in diverse industri\u00eble sectoren. We bewerken zowel lichtgewicht materialen zoals aluminium als moeilijker te bewerken metalen zoals roestvrij staal, koolstofstaal, messing, titanium en Inconel. Uitgerust met robuuste geleidingen en een TAS-C thermoactieve stabilisator, garanderen onze draaibanken een hoge nauwkeurigheid, zelfs bij het bewerken van zeer veeleisende materialen, wat vooral belangrijk is in sectoren zoals de lucht- en ruimtevaart of de automobielindustrie, waar betrouwbaarheid en slijtvastheid op lange termijn vereist zijn.  <\/p><h6>Voordelen van onze CNC draaiservices met C-as<\/h6><ul><li><b>Multitasking <\/b>&#8211; De mogelijkheid om draaien en frezen in \u00e9\u00e9n bewerking uit te voeren, waardoor de productietijd wordt verkort en de kosten worden geminimaliseerd.<\/li><li><b>Bewerking van grote<\/b> werkstukken &#8211; We bewerken werkstukken met een diameter tot 390 mm en een lengte tot 950 mm, waardoor projecten op grotere schaal mogelijk zijn.<\/li><li><b>Geavanceerde technologie <\/b>&#8211; We gebruiken ultramoderne thermische stabilisatiesystemen die een consistente verwerkingsnauwkeurigheid garanderen, zelfs bij temperatuurveranderingen, wat cruciaal is voor lange productiecycli.<\/li><li><b>Hoge precisie<\/b> &#8211; Dankzij de precieze besturing en geavanceerde functies van onze CNC-draaibanken kunnen we extreem krappe maattoleranties aanhouden, wat cruciaal is voor onderdelen met complexe geometrie\u00ebn.<\/li><li><b>Breed scala aan materiaalverwerking<\/b> &#8211; We verwerken een verscheidenheid aan materialen, van lichtgewicht legeringen tot geavanceerde metalen, waardoor onze diensten een veelzijdige oplossing vormen voor klanten in vele industrie\u00ebn.<\/li><li><b>CNC Advanced Technologies<\/b> &#8211; Innovatie in elke stap<\/li><\/ul><p>Onze CNC C-as draaibanken zijn uitgerust met state-of-the-art technologie, zoals de TAS-C thermoactieve stabilisator, die automatisch de effecten van temperatuur op de bewerking compenseert. Hierdoor kunnen we strakke maattoleranties handhaven, zelfs tijdens lange bewerkingen, en wordt het risico op vervorming van het werkstuk ge\u00eblimineerd. Robuuste geleidingen en moderne aandrijfsystemen voor gereedschappen zorgen voor een stabiele werking, zelfs tijdens intensieve snijbewerkingen. Dit alles stelt ons in staat om diensten van de hoogste kwaliteit te leveren, die worden gewaardeerd door de meest veeleisende klanten.   <\/p><h6>Voor wie zijn onze diensten geschikt?<\/h6><p>Onze C-as CNC draaiservices zijn gericht op bedrijven in de luchtvaart, auto-industrie, energieopwekking en industri\u00eble sectoren die zeer nauwkeurige bewerkingen met een hoge productiviteit nodig hebben. Dankzij onze locatie in Jasionka, dicht bij Rzesz\u00f3w, zijn we een handige partner voor bedrijven uit de regio Podkarpacie, maar we bedienen ook klanten uit heel Polen en Europa. Dankzij onze ervaring en geavanceerde technologie\u00ebn kunnen we complexe projecten binnen concurrerende deadlines voltooien, met behoud van de hoogste kwaliteitsnormen.  <\/p><h6>Samenvatting<\/h6><p>Als u op zoek bent naar een betrouwbare partner voor geavanceerde CNC-draaiservices voor C-assen, dan is ons bedrijf uit de regio Podkarpacie de ideale keuze. Met ultramoderne machines, een ervaren team en uitgebreide bewerkingsmogelijkheden kunnen we voldoen aan de eisen van de meest veeleisende klanten. We garanderen precisie, betrouwbaarheid en effici\u00ebntie, wat zich vertaalt in de tevredenheid van onze klanten en een langdurige samenwerking.  <\/p>\t\t\t\t\t\t\t\t<\/div>\n\t\t\t\t\t<\/div>\n\t\t<\/div>\n\t\t\t\t\t<\/div>\n\t\t<\/section>\n\t\t\t\t<\/div>\n\t\t","protected":false},"excerpt":{"rendered":"<p>CNC-draaiservices met C-as &#8211; Complexe bewerkingen voor industri\u00eble sectoren Ons bedrijf in Podkarpackie biedt geavanceerde CNC C-as draaidiensten, die worden gebruikt in vele belangrijke industrie\u00ebn zoals de ruimtevaart, automobielindustrie, energie, machinebouw en andere sectoren die precisiebewerking vereisen. Met onze ultramoderne CNC C-assen draaibanken kunnen we zowel eenvoudige als zeer complexe projecten uitvoeren, waarbij we voldoen [&hellip;]<\/p>\n","protected":false},"author":1,"featured_media":0,"parent":0,"menu_order":0,"comment_status":"closed","ping_status":"closed","template":"","meta":{"_acf_changed":false,"om_disable_all_campaigns":false,"_monsterinsights_skip_tracking":false,"_monsterinsights_sitenote_active":false,"_monsterinsights_sitenote_note":"","_monsterinsights_sitenote_category":0,"_uf_show_specific_survey":0,"_uf_disable_surveys":false,"footnotes":""},"class_list":["post-8166","page","type-page","status-publish","hentry"],"acf":[],"aioseo_notices":[],"_links":{"self":[{"href":"https:\/\/b-technology.eu\/nl\/wp-json\/wp\/v2\/pages\/8166","targetHints":{"allow":["GET"]}}],"collection":[{"href":"https:\/\/b-technology.eu\/nl\/wp-json\/wp\/v2\/pages"}],"about":[{"href":"https:\/\/b-technology.eu\/nl\/wp-json\/wp\/v2\/types\/page"}],"author":[{"embeddable":true,"href":"https:\/\/b-technology.eu\/nl\/wp-json\/wp\/v2\/users\/1"}],"replies":[{"embeddable":true,"href":"https:\/\/b-technology.eu\/nl\/wp-json\/wp\/v2\/comments?post=8166"}],"version-history":[{"count":3,"href":"https:\/\/b-technology.eu\/nl\/wp-json\/wp\/v2\/pages\/8166\/revisions"}],"predecessor-version":[{"id":8744,"href":"https:\/\/b-technology.eu\/nl\/wp-json\/wp\/v2\/pages\/8166\/revisions\/8744"}],"wp:attachment":[{"href":"https:\/\/b-technology.eu\/nl\/wp-json\/wp\/v2\/media?parent=8166"}],"curies":[{"name":"wp","href":"https:\/\/api.w.org\/{rel}","templated":true}]}}